{"id":267,"date":"2019-12-02T23:40:07","date_gmt":"2019-12-02T22:40:07","guid":{"rendered":"https:\/\/lespetitstisserands.kiff.agency\/mentions-legales\/"},"modified":"2019-12-02T23:40:07","modified_gmt":"2019-12-02T22:40:07","slug":"mentions-legales","status":"publish","type":"page","link":"https:\/\/www.les-petits-tisserands.eu\/de\/mentions-legales\/","title":{"rendered":"Mentions l\u00e9gales"},"content":{"rendered":"\n<h2 class=\"wp-block-heading\">EDITEUR<\/h2>\n\n\n\n<p>GITE LES PETITS TISSERANDS<br>26 rue des Ecoles&nbsp; 67680&nbsp;EPFIG<br>T\u00e9l\u00e9phone&nbsp;+33&nbsp;6&nbsp;98 91 56 65<br><a href=\"mailto:gite@les-petits-tisserands.eu\">gite@les-petits-tisserands.eu<\/a><\/p>\n\n\n\n<h3 class=\"wp-block-heading\">DIRECTEUR DE LA PUBLICATION :<\/h3>\n\n\n\n<p>M. KLEIN<br><a href=\"mailto:gite@les-petits-tisserands.eu\">gite@les-petits-tisserands.eu<\/a><\/p>\n\n\n\n<h3 class=\"wp-block-heading\">SIRET &nbsp;:<\/h3>\n\n\n\n<p>507 591 774 00017<\/p>\n\n\n\n<h3 class=\"wp-block-heading\">CR\u00c9ATION DU SITE WEB ET H\u00c9BERGEMENT<\/h3>\n\n\n\n<p>Le site est h\u00e9berg\u00e9 par la soci\u00e9t\u00e9 OVH.<\/p>\n\n\n\n<p>SAS au capital de 10 000 000 \u20ac<br>RCS Lille M\u00e9tropole 424 761 419 00045<br>Code APE 6202A<br>Si\u00e8ge social : 2 rue Kellermann \u2013 59100 Roubaix \u2013 France.<\/p>\n\n\n\n<h2 class=\"wp-block-heading\">CLAUSE DE NON RESPONSABILIT\u00c9<\/h2>\n\n\n\n<p>La responsabilit\u00e9 de la soci\u00e9t\u00e9 GITE LES PETITS TISSERANDS ne peut, en aucune mani\u00e8re, \u00eatre engag\u00e9e quant au contenu des informations figurant sur ce site ou aux cons\u00e9quences pouvant r\u00e9sulter de leur utilisation ou interpr\u00e9tation.<\/p>\n\n\n\n<h2 class=\"wp-block-heading\">PROPRI\u00c9T\u00c9 INTELLECTUELLE<\/h2>\n\n\n\n<p>Le site de GITE LES PETITS TISSERANDS est la propri\u00e9t\u00e9 exclusive de le soci\u00e9t\u00e9 GITE LES PETITS TISSERANDS et est prot\u00e9g\u00e9 par la l\u00e9gislation fran\u00e7aise et internationale sur le droit de la propri\u00e9t\u00e9 intellectuelle. Aucune reproduction ou repr\u00e9sentation ne peut \u00eatre r\u00e9alis\u00e9e en contravention avec les droits de la soci\u00e9t\u00e9 GITE LES PETITS TISSERANDS issus de la l\u00e9gislation susvis\u00e9e.<\/p>\n\n\n\n<h2 class=\"wp-block-heading\">LIENS HYPERTEXTES<\/h2>\n\n\n\n<p>Les sites externes accessibles gr\u00e2ce aux liens hypertextes pr\u00e9sents sur le site de GITE LES PETITS TISSERANDS ne rel\u00e8vent en aucun cas du contr\u00f4le ni de la responsabilit\u00e9 de la soci\u00e9t\u00e9 GITE LES PETITS TISSERANDS.<\/p>\n\n\n\n<p>La mise en place de liens hypertextes par des tiers vers des pages ou des documents du site de GITE LES PETITS TISSERANDS est autoris\u00e9e sous r\u00e9serve que les liens ne contreviennent pas aux int\u00e9r\u00eats de la soci\u00e9t\u00e9 GITE LES PETITS TISSERANDS et qu\u2019ils garantissent la possibilit\u00e9 pour l\u2019utilisateur d\u2019identifier l\u2019origine et l\u2019auteur du document.<\/p>\n\n\n\n<h2 class=\"wp-block-heading\">TEXTES ET PHOTOS<\/h2>\n\n\n\n<p>Sauf mention contraire, les textes et images utilis\u00e9s pour la r\u00e9alisation de ce site sont la propri\u00e9t\u00e9 exclusive de la soci\u00e9t\u00e9 GITE LES PETITS TISSERANDS.&nbsp;Toute copie, totale ou partielle, ne peut se faire sans l\u2019accord de leur propri\u00e9taire.<\/p>\n","protected":false},"excerpt":{"rendered":"<p>EDITEUR GITE LES PETITS TISSERANDS26 rue des Ecoles&nbsp; 67680&nbsp;EPFIGT\u00e9l\u00e9phone&nbsp;+33&nbsp;6&nbsp;98 91 56 65gite@les-petits-tisserands.eu DIRECTEUR DE LA PUBLICATION : M. KLEINgite@les-petits-tisserands.eu SIRET &nbsp;: 507 591 774 00017 CR\u00c9ATION DU SITE WEB ET H\u00c9BERGEMENT Le site est h\u00e9berg\u00e9 par la soci\u00e9t\u00e9 OVH. SAS au capital de 10 000 000 \u20acRCS Lille M\u00e9tropole 424 761 419 00045Code APE 6202ASi\u00e8ge &hellip; <a href=\"https:\/\/www.les-petits-tisserands.eu\/de\/mentions-legales\/\">Continued<\/a><\/p>\n","protected":false},"author":1,"featured_media":0,"parent":0,"menu_order":0,"comment_status":"closed","ping_status":"closed","template":"","meta":{"_acf_changed":false,"footnotes":""},"class_list":["post-267","page","type-page","status-publish","hentry"],"acf":[],"yoast_head":"<!-- This site is optimized with the Yoast SEO plugin v25.9 - https:\/\/yoast.com\/wordpress\/plugins\/seo\/ -->\n<title>Mentions l\u00e9gales - Les Petits Tisserands<\/title>\n<meta name=\"robots\" content=\"index, follow, max-snippet:-1, max-image-preview:large, max-video-preview:-1\" \/>\n<link rel=\"canonical\" href=\"https:\/\/www.les-petits-tisserands.eu\/de\/mentions-legales\/\" \/>\n<meta property=\"og:locale\" content=\"de_DE\" \/>\n<meta property=\"og:type\" content=\"article\" \/>\n<meta property=\"og:title\" content=\"Mentions l\u00e9gales - Les Petits Tisserands\" \/>\n<meta property=\"og:description\" content=\"EDITEUR GITE LES PETITS TISSERANDS26 rue des Ecoles&nbsp; 67680&nbsp;EPFIGT\u00e9l\u00e9phone&nbsp;+33&nbsp;6&nbsp;98 91 56 65gite@les-petits-tisserands.eu DIRECTEUR DE LA PUBLICATION : M. KLEINgite@les-petits-tisserands.eu SIRET &nbsp;: 507 591 774 00017 CR\u00c9ATION DU SITE WEB ET H\u00c9BERGEMENT Le site est h\u00e9berg\u00e9 par la soci\u00e9t\u00e9 OVH. SAS au capital de 10 000 000 \u20acRCS Lille M\u00e9tropole 424 761 419 00045Code APE 6202ASi\u00e8ge &hellip; Continued\" \/>\n<meta property=\"og:url\" content=\"https:\/\/www.les-petits-tisserands.eu\/de\/mentions-legales\/\" \/>\n<meta property=\"og:site_name\" content=\"Les Petits Tisserands\" \/>\n<meta name=\"twitter:card\" content=\"summary_large_image\" \/>\n<meta name=\"twitter:label1\" content=\"Gesch\u00e4tzte Lesezeit\" \/>\n\t<meta name=\"twitter:data1\" content=\"2\u00a0Minuten\" \/>\n<script type=\"application\/ld+json\" class=\"yoast-schema-graph\">{\"@context\":\"https:\/\/schema.org\",\"@graph\":[{\"@type\":\"WebPage\",\"@id\":\"https:\/\/www.les-petits-tisserands.eu\/de\/mentions-legales\/\",\"url\":\"https:\/\/www.les-petits-tisserands.eu\/de\/mentions-legales\/\",\"name\":\"Mentions l\u00e9gales - Les Petits Tisserands\",\"isPartOf\":{\"@id\":\"https:\/\/www.les-petits-tisserands.eu\/de\/#website\"},\"datePublished\":\"2019-12-02T22:40:07+00:00\",\"breadcrumb\":{\"@id\":\"https:\/\/www.les-petits-tisserands.eu\/de\/mentions-legales\/#breadcrumb\"},\"inLanguage\":\"de\",\"potentialAction\":[{\"@type\":\"ReadAction\",\"target\":[\"https:\/\/www.les-petits-tisserands.eu\/de\/mentions-legales\/\"]}]},{\"@type\":\"BreadcrumbList\",\"@id\":\"https:\/\/www.les-petits-tisserands.eu\/de\/mentions-legales\/#breadcrumb\",\"itemListElement\":[{\"@type\":\"ListItem\",\"position\":1,\"name\":\"Accueil\",\"item\":\"https:\/\/www.les-petits-tisserands.eu\/de\/\"},{\"@type\":\"ListItem\",\"position\":2,\"name\":\"Mentions l\u00e9gales\"}]},{\"@type\":\"WebSite\",\"@id\":\"https:\/\/www.les-petits-tisserands.eu\/de\/#website\",\"url\":\"https:\/\/www.les-petits-tisserands.eu\/de\/\",\"name\":\"Les Petits Tisserands\",\"description\":\"Location gite Alsace\",\"potentialAction\":[{\"@type\":\"SearchAction\",\"target\":{\"@type\":\"EntryPoint\",\"urlTemplate\":\"https:\/\/www.les-petits-tisserands.eu\/de\/?s={search_term_string}\"},\"query-input\":{\"@type\":\"PropertyValueSpecification\",\"valueRequired\":true,\"valueName\":\"search_term_string\"}}],\"inLanguage\":\"de\"}]}<\/script>\n<!-- \/ Yoast SEO plugin. -->","yoast_head_json":{"title":"Mentions l\u00e9gales - Les Petits Tisserands","robots":{"index":"index","follow":"follow","max-snippet":"max-snippet:-1","max-image-preview":"max-image-preview:large","max-video-preview":"max-video-preview:-1"},"canonical":"https:\/\/www.les-petits-tisserands.eu\/de\/mentions-legales\/","og_locale":"de_DE","og_type":"article","og_title":"Mentions l\u00e9gales - Les Petits Tisserands","og_description":"EDITEUR GITE LES PETITS TISSERANDS26 rue des Ecoles&nbsp; 67680&nbsp;EPFIGT\u00e9l\u00e9phone&nbsp;+33&nbsp;6&nbsp;98 91 56 65gite@les-petits-tisserands.eu DIRECTEUR DE LA PUBLICATION : M. KLEINgite@les-petits-tisserands.eu SIRET &nbsp;: 507 591 774 00017 CR\u00c9ATION DU SITE WEB ET H\u00c9BERGEMENT Le site est h\u00e9berg\u00e9 par la soci\u00e9t\u00e9 OVH. SAS au capital de 10 000 000 \u20acRCS Lille M\u00e9tropole 424 761 419 00045Code APE 6202ASi\u00e8ge &hellip; Continued","og_url":"https:\/\/www.les-petits-tisserands.eu\/de\/mentions-legales\/","og_site_name":"Les Petits Tisserands","twitter_card":"summary_large_image","twitter_misc":{"Gesch\u00e4tzte Lesezeit":"2\u00a0Minuten"},"schema":{"@context":"https:\/\/schema.org","@graph":[{"@type":"WebPage","@id":"https:\/\/www.les-petits-tisserands.eu\/de\/mentions-legales\/","url":"https:\/\/www.les-petits-tisserands.eu\/de\/mentions-legales\/","name":"Mentions l\u00e9gales - Les Petits Tisserands","isPartOf":{"@id":"https:\/\/www.les-petits-tisserands.eu\/de\/#website"},"datePublished":"2019-12-02T22:40:07+00:00","breadcrumb":{"@id":"https:\/\/www.les-petits-tisserands.eu\/de\/mentions-legales\/#breadcrumb"},"inLanguage":"de","potentialAction":[{"@type":"ReadAction","target":["https:\/\/www.les-petits-tisserands.eu\/de\/mentions-legales\/"]}]},{"@type":"BreadcrumbList","@id":"https:\/\/www.les-petits-tisserands.eu\/de\/mentions-legales\/#breadcrumb","itemListElement":[{"@type":"ListItem","position":1,"name":"Accueil","item":"https:\/\/www.les-petits-tisserands.eu\/de\/"},{"@type":"ListItem","position":2,"name":"Mentions l\u00e9gales"}]},{"@type":"WebSite","@id":"https:\/\/www.les-petits-tisserands.eu\/de\/#website","url":"https:\/\/www.les-petits-tisserands.eu\/de\/","name":"Les Petits Tisserands","description":"Location gite Alsace","potentialAction":[{"@type":"SearchAction","target":{"@type":"EntryPoint","urlTemplate":"https:\/\/www.les-petits-tisserands.eu\/de\/?s={search_term_string}"},"query-input":{"@type":"PropertyValueSpecification","valueRequired":true,"valueName":"search_term_string"}}],"inLanguage":"de"}]}},"_links":{"self":[{"href":"https:\/\/www.les-petits-tisserands.eu\/de\/wp-json\/wp\/v2\/pages\/267","targetHints":{"allow":["GET"]}}],"collection":[{"href":"https:\/\/www.les-petits-tisserands.eu\/de\/wp-json\/wp\/v2\/pages"}],"about":[{"href":"https:\/\/www.les-petits-tisserands.eu\/de\/wp-json\/wp\/v2\/types\/page"}],"author":[{"embeddable":true,"href":"https:\/\/www.les-petits-tisserands.eu\/de\/wp-json\/wp\/v2\/users\/1"}],"replies":[{"embeddable":true,"href":"https:\/\/www.les-petits-tisserands.eu\/de\/wp-json\/wp\/v2\/comments?post=267"}],"version-history":[{"count":0,"href":"https:\/\/www.les-petits-tisserands.eu\/de\/wp-json\/wp\/v2\/pages\/267\/revisions"}],"wp:attachment":[{"href":"https:\/\/www.les-petits-tisserands.eu\/de\/wp-json\/wp\/v2\/media?parent=267"}],"curies":[{"name":"wp","href":"https:\/\/api.w.org\/{rel}","templated":true}]}}